{"id":16943,"date":"2025-06-23T12:07:42","date_gmt":"2025-06-23T12:07:42","guid":{"rendered":"https:\/\/flm-gs.dev1.symbiotica.rs\/supplements-formulation-labelling\/"},"modified":"2026-02-18T08:37:11","modified_gmt":"2026-02-18T08:37:11","slug":"suplementos-formulacion-etiquetado","status":"publish","type":"page","link":"https:\/\/flm-gs.dev1.symbiotica.rs\/es-mx\/suplementos-formulacion-etiquetado\/","title":{"rendered":"Formulaci\u00f3n y Etiquetado de Suplementos"},"content":{"rendered":"","protected":false},"excerpt":{"rendered":"","protected":false},"author":1,"featured_media":0,"parent":0,"menu_order":0,"comment_status":"closed","ping_status":"closed","template":"page-templates\/template-features-flexible-content.php","meta":{"_acf_changed":false,"footnotes":""},"class_list":["post-16943","page","type-page","status-publish","hentry"],"acf":[],"yoast_head":"<!-- This site is optimized with the Yoast SEO Premium plugin v22.8 (Yoast SEO v27.1.1) - https:\/\/yoast.com\/product\/yoast-seo-premium-wordpress\/ -->\n<title>Productos - Formulaci\u00f3n de suplementos<\/title>\n<meta name=\"description\" content=\"Genera y gestiona f\u00e1cilmente etiquetas de informaci\u00f3n de suplementos con nuestro software intuitivo, asegurando precisi\u00f3n y cumplimiento con la FDA.\" \/>\n<meta name=\"robots\" content=\"noindex, follow, max-snippet:-1, max-image-preview:large, max-video-preview:-1\" \/>\n<meta property=\"og:locale\" content=\"es_MX\" \/>\n<meta property=\"og:type\" content=\"article\" \/>\n<meta property=\"og:title\" content=\"Formulaci\u00f3n y Etiquetado de Suplementos\" \/>\n<meta property=\"og:description\" content=\"Genera y gestiona f\u00e1cilmente etiquetas de informaci\u00f3n de suplementos con nuestro software intuitivo, asegurando precisi\u00f3n y cumplimiento con la FDA.\" \/>\n<meta property=\"og:url\" content=\"https:\/\/flm-gs.dev1.symbiotica.rs\/es-mx\/suplementos-formulacion-etiquetado\/\" \/>\n<meta property=\"og:site_name\" content=\"Food Label Maker\" \/>\n<meta property=\"article:publisher\" content=\"https:\/\/www.facebook.com\/foodlabelmaker\/\" \/>\n<meta property=\"article:modified_time\" content=\"2026-02-18T08:37:11+00:00\" \/>\n<meta property=\"og:image\" content=\"https:\/\/flm-gs.dev1.symbiotica.rs\/wp-content\/uploads\/2023\/10\/foodlabelmaker-preview-img.webp\" \/>\n\t<meta property=\"og:image:width\" content=\"1200\" \/>\n\t<meta property=\"og:image:height\" content=\"675\" \/>\n\t<meta property=\"og:image:type\" content=\"image\/webp\" \/>\n<meta name=\"twitter:card\" content=\"summary_large_image\" \/>\n<script type=\"application\/ld+json\" class=\"yoast-schema-graph\">{\"@context\":\"https:\/\/schema.org\",\"@graph\":[{\"@type\":\"WebPage\",\"@id\":\"https:\/\/flm-gs.dev1.symbiotica.rs\/es-mx\/suplementos-formulacion-etiquetado\/\",\"url\":\"https:\/\/flm-gs.dev1.symbiotica.rs\/es-mx\/suplementos-formulacion-etiquetado\/\",\"name\":\"Productos - Formulaci\u00f3n de suplementos\",\"isPartOf\":{\"@id\":\"https:\/\/flm-gs.dev1.symbiotica.rs\/es-mx\/#website\"},\"datePublished\":\"2025-06-23T12:07:42+00:00\",\"dateModified\":\"2026-02-18T08:37:11+00:00\",\"description\":\"Genera y gestiona f\u00e1cilmente etiquetas de informaci\u00f3n de suplementos con nuestro software intuitivo, asegurando precisi\u00f3n y cumplimiento con la FDA.\",\"breadcrumb\":{\"@id\":\"https:\/\/flm-gs.dev1.symbiotica.rs\/es-mx\/suplementos-formulacion-etiquetado\/#breadcrumb\"},\"inLanguage\":\"es\",\"potentialAction\":[{\"@type\":\"ReadAction\",\"target\":[\"https:\/\/flm-gs.dev1.symbiotica.rs\/es-mx\/suplementos-formulacion-etiquetado\/\"]}]},{\"@type\":\"BreadcrumbList\",\"@id\":\"https:\/\/flm-gs.dev1.symbiotica.rs\/es-mx\/suplementos-formulacion-etiquetado\/#breadcrumb\",\"itemListElement\":[{\"@type\":\"ListItem\",\"position\":1,\"name\":\"Inicio\",\"item\":\"https:\/\/flm-gs.dev1.symbiotica.rs\/es-mx\/\"},{\"@type\":\"ListItem\",\"position\":2,\"name\":\"Formulaci\u00f3n y Etiquetado de Suplementos\"}]},{\"@type\":\"WebSite\",\"@id\":\"https:\/\/flm-gs.dev1.symbiotica.rs\/es-mx\/#website\",\"url\":\"https:\/\/flm-gs.dev1.symbiotica.rs\/es-mx\/\",\"name\":\"Food Label Maker\",\"description\":\"\",\"potentialAction\":[{\"@type\":\"SearchAction\",\"target\":{\"@type\":\"EntryPoint\",\"urlTemplate\":\"https:\/\/flm-gs.dev1.symbiotica.rs\/es-mx\/?s={search_term_string}\"},\"query-input\":{\"@type\":\"PropertyValueSpecification\",\"valueRequired\":true,\"valueName\":\"search_term_string\"}}],\"inLanguage\":\"es\"}]}<\/script>\n<!-- \/ Yoast SEO Premium plugin. -->","yoast_head_json":{"title":"Productos - Formulaci\u00f3n de suplementos","description":"Genera y gestiona f\u00e1cilmente etiquetas de informaci\u00f3n de suplementos con nuestro software intuitivo, asegurando precisi\u00f3n y cumplimiento con la FDA.","robots":{"index":"noindex","follow":"follow","max-snippet":"max-snippet:-1","max-image-preview":"max-image-preview:large","max-video-preview":"max-video-preview:-1"},"og_locale":"es_MX","og_type":"article","og_title":"Formulaci\u00f3n y Etiquetado de Suplementos","og_description":"Genera y gestiona f\u00e1cilmente etiquetas de informaci\u00f3n de suplementos con nuestro software intuitivo, asegurando precisi\u00f3n y cumplimiento con la FDA.","og_url":"https:\/\/flm-gs.dev1.symbiotica.rs\/es-mx\/suplementos-formulacion-etiquetado\/","og_site_name":"Food Label Maker","article_publisher":"https:\/\/www.facebook.com\/foodlabelmaker\/","article_modified_time":"2026-02-18T08:37:11+00:00","og_image":[{"width":1200,"height":675,"url":"https:\/\/flm-gs.dev1.symbiotica.rs\/wp-content\/uploads\/2023\/10\/foodlabelmaker-preview-img.webp","type":"image\/webp"}],"twitter_card":"summary_large_image","schema":{"@context":"https:\/\/schema.org","@graph":[{"@type":"WebPage","@id":"https:\/\/flm-gs.dev1.symbiotica.rs\/es-mx\/suplementos-formulacion-etiquetado\/","url":"https:\/\/flm-gs.dev1.symbiotica.rs\/es-mx\/suplementos-formulacion-etiquetado\/","name":"Productos - Formulaci\u00f3n de suplementos","isPartOf":{"@id":"https:\/\/flm-gs.dev1.symbiotica.rs\/es-mx\/#website"},"datePublished":"2025-06-23T12:07:42+00:00","dateModified":"2026-02-18T08:37:11+00:00","description":"Genera y gestiona f\u00e1cilmente etiquetas de informaci\u00f3n de suplementos con nuestro software intuitivo, asegurando precisi\u00f3n y cumplimiento con la FDA.","breadcrumb":{"@id":"https:\/\/flm-gs.dev1.symbiotica.rs\/es-mx\/suplementos-formulacion-etiquetado\/#breadcrumb"},"inLanguage":"es","potentialAction":[{"@type":"ReadAction","target":["https:\/\/flm-gs.dev1.symbiotica.rs\/es-mx\/suplementos-formulacion-etiquetado\/"]}]},{"@type":"BreadcrumbList","@id":"https:\/\/flm-gs.dev1.symbiotica.rs\/es-mx\/suplementos-formulacion-etiquetado\/#breadcrumb","itemListElement":[{"@type":"ListItem","position":1,"name":"Inicio","item":"https:\/\/flm-gs.dev1.symbiotica.rs\/es-mx\/"},{"@type":"ListItem","position":2,"name":"Formulaci\u00f3n y Etiquetado de Suplementos"}]},{"@type":"WebSite","@id":"https:\/\/flm-gs.dev1.symbiotica.rs\/es-mx\/#website","url":"https:\/\/flm-gs.dev1.symbiotica.rs\/es-mx\/","name":"Food Label Maker","description":"","potentialAction":[{"@type":"SearchAction","target":{"@type":"EntryPoint","urlTemplate":"https:\/\/flm-gs.dev1.symbiotica.rs\/es-mx\/?s={search_term_string}"},"query-input":{"@type":"PropertyValueSpecification","valueRequired":true,"valueName":"search_term_string"}}],"inLanguage":"es"}]}},"_links":{"self":[{"href":"https:\/\/flm-gs.dev1.symbiotica.rs\/es-mx\/wp-json\/wp\/v2\/pages\/16943","targetHints":{"allow":["GET"]}}],"collection":[{"href":"https:\/\/flm-gs.dev1.symbiotica.rs\/es-mx\/wp-json\/wp\/v2\/pages"}],"about":[{"href":"https:\/\/flm-gs.dev1.symbiotica.rs\/es-mx\/wp-json\/wp\/v2\/types\/page"}],"author":[{"embeddable":true,"href":"https:\/\/flm-gs.dev1.symbiotica.rs\/es-mx\/wp-json\/wp\/v2\/users\/1"}],"replies":[{"embeddable":true,"href":"https:\/\/flm-gs.dev1.symbiotica.rs\/es-mx\/wp-json\/wp\/v2\/comments?post=16943"}],"version-history":[{"count":5,"href":"https:\/\/flm-gs.dev1.symbiotica.rs\/es-mx\/wp-json\/wp\/v2\/pages\/16943\/revisions"}],"predecessor-version":[{"id":18234,"href":"https:\/\/flm-gs.dev1.symbiotica.rs\/es-mx\/wp-json\/wp\/v2\/pages\/16943\/revisions\/18234"}],"wp:attachment":[{"href":"https:\/\/flm-gs.dev1.symbiotica.rs\/es-mx\/wp-json\/wp\/v2\/media?parent=16943"}],"curies":[{"name":"wp","href":"https:\/\/api.w.org\/{rel}","templated":true}]}}