{"id":18598,"date":"2026-02-11T12:01:39","date_gmt":"2026-02-11T12:01:39","guid":{"rendered":"https:\/\/flm-gs.dev1.symbiotica.rs\/?page_id=18598"},"modified":"2026-02-12T09:12:31","modified_gmt":"2026-02-12T09:12:31","slug":"mounya-sasso","status":"publish","type":"page","link":"https:\/\/flm-gs.dev1.symbiotica.rs\/fr-ca\/auteure\/mounya-sasso\/","title":{"rendered":"Mounya Sasso"},"content":{"rendered":"","protected":false},"excerpt":{"rendered":"","protected":false},"author":1,"featured_media":0,"parent":18572,"menu_order":0,"comment_status":"closed","ping_status":"closed","template":"page-templates\/author-template.php","meta":{"_acf_changed":false,"footnotes":""},"class_list":["post-18598","page","type-page","status-publish","hentry"],"acf":[],"yoast_head":"<!-- This site is optimized with the Yoast SEO Premium plugin v22.8 (Yoast SEO v27.1.1) - https:\/\/yoast.com\/product\/yoast-seo-premium-wordpress\/ -->\n<title>Mounya Sasso : Di\u00e9t\u00e9tiste agr\u00e9\u00e9e et gestionnaire de contenu chez Food Label Maker<\/title>\n<meta name=\"description\" content=\"Voici Mounya Sasso, di\u00e9t\u00e9tiste et gestionnaire de contenu chez Food Label Maker, experte dans l\u2019\u00e9tiquetage clair et conforme. Lisez ses articles\" \/>\n<meta name=\"robots\" content=\"noindex, follow, max-snippet:-1, max-image-preview:large, max-video-preview:-1\" \/>\n<meta property=\"og:locale\" content=\"fr_CA\" \/>\n<meta property=\"og:type\" content=\"article\" \/>\n<meta property=\"og:title\" content=\"Mounya Sasso\" \/>\n<meta property=\"og:description\" content=\"Voici Mounya Sasso, di\u00e9t\u00e9tiste et gestionnaire de contenu chez Food Label Maker, experte dans l\u2019\u00e9tiquetage clair et conforme. Lisez ses articles\" \/>\n<meta property=\"og:url\" content=\"https:\/\/flm-gs.dev1.symbiotica.rs\/fr-ca\/auteure\/mounya-sasso\/\" \/>\n<meta property=\"og:site_name\" content=\"Food Label Maker\" \/>\n<meta property=\"article:publisher\" content=\"https:\/\/www.facebook.com\/foodlabelmaker\/\" \/>\n<meta property=\"article:modified_time\" content=\"2026-02-12T09:12:31+00:00\" \/>\n<meta property=\"og:image\" content=\"https:\/\/flm-gs.dev1.symbiotica.rs\/wp-content\/uploads\/2023\/10\/foodlabelmaker-preview-img.webp\" \/>\n\t<meta property=\"og:image:width\" content=\"1200\" \/>\n\t<meta property=\"og:image:height\" content=\"675\" \/>\n\t<meta property=\"og:image:type\" content=\"image\/webp\" \/>\n<meta name=\"twitter:card\" content=\"summary_large_image\" \/>\n<script type=\"application\/ld+json\" class=\"yoast-schema-graph\">{\"@context\":\"https:\/\/schema.org\",\"@graph\":[{\"@type\":\"WebPage\",\"@id\":\"https:\/\/flm-gs.dev1.symbiotica.rs\/fr-ca\/auteure\/mounya-sasso\/\",\"url\":\"https:\/\/flm-gs.dev1.symbiotica.rs\/fr-ca\/auteure\/mounya-sasso\/\",\"name\":\"Mounya Sasso : Di\u00e9t\u00e9tiste agr\u00e9\u00e9e et gestionnaire de contenu chez Food Label Maker\",\"isPartOf\":{\"@id\":\"https:\/\/flm-gs.dev1.symbiotica.rs\/fr-ca\/#website\"},\"datePublished\":\"2026-02-11T12:01:39+00:00\",\"dateModified\":\"2026-02-12T09:12:31+00:00\",\"description\":\"Voici Mounya Sasso, di\u00e9t\u00e9tiste et gestionnaire de contenu chez Food Label Maker, experte dans l\u2019\u00e9tiquetage clair et conforme. Lisez ses articles\",\"breadcrumb\":{\"@id\":\"https:\/\/flm-gs.dev1.symbiotica.rs\/fr-ca\/auteure\/mounya-sasso\/#breadcrumb\"},\"inLanguage\":\"fr-CA\",\"potentialAction\":[{\"@type\":\"ReadAction\",\"target\":[\"https:\/\/flm-gs.dev1.symbiotica.rs\/fr-ca\/auteure\/mounya-sasso\/\"]}]},{\"@type\":\"BreadcrumbList\",\"@id\":\"https:\/\/flm-gs.dev1.symbiotica.rs\/fr-ca\/auteure\/mounya-sasso\/#breadcrumb\",\"itemListElement\":[{\"@type\":\"ListItem\",\"position\":1,\"name\":\"Accueil\",\"item\":\"https:\/\/flm-gs.dev1.symbiotica.rs\/fr-ca\/\"},{\"@type\":\"ListItem\",\"position\":2,\"name\":\"Author\",\"item\":\"https:\/\/flm-gs.dev1.symbiotica.rs\/fr-ca\/auteure\/\"},{\"@type\":\"ListItem\",\"position\":3,\"name\":\"Mounya Sasso\"}]},{\"@type\":\"WebSite\",\"@id\":\"https:\/\/flm-gs.dev1.symbiotica.rs\/fr-ca\/#website\",\"url\":\"https:\/\/flm-gs.dev1.symbiotica.rs\/fr-ca\/\",\"name\":\"Food Label Maker\",\"description\":\"\",\"potentialAction\":[{\"@type\":\"SearchAction\",\"target\":{\"@type\":\"EntryPoint\",\"urlTemplate\":\"https:\/\/flm-gs.dev1.symbiotica.rs\/fr-ca\/?s={search_term_string}\"},\"query-input\":{\"@type\":\"PropertyValueSpecification\",\"valueRequired\":true,\"valueName\":\"search_term_string\"}}],\"inLanguage\":\"fr-CA\"}]}<\/script>\n<!-- \/ Yoast SEO Premium plugin. -->","yoast_head_json":{"title":"Mounya Sasso : Di\u00e9t\u00e9tiste agr\u00e9\u00e9e et gestionnaire de contenu chez Food Label Maker","description":"Voici Mounya Sasso, di\u00e9t\u00e9tiste et gestionnaire de contenu chez Food Label Maker, experte dans l\u2019\u00e9tiquetage clair et conforme. Lisez ses articles","robots":{"index":"noindex","follow":"follow","max-snippet":"max-snippet:-1","max-image-preview":"max-image-preview:large","max-video-preview":"max-video-preview:-1"},"og_locale":"fr_CA","og_type":"article","og_title":"Mounya Sasso","og_description":"Voici Mounya Sasso, di\u00e9t\u00e9tiste et gestionnaire de contenu chez Food Label Maker, experte dans l\u2019\u00e9tiquetage clair et conforme. Lisez ses articles","og_url":"https:\/\/flm-gs.dev1.symbiotica.rs\/fr-ca\/auteure\/mounya-sasso\/","og_site_name":"Food Label Maker","article_publisher":"https:\/\/www.facebook.com\/foodlabelmaker\/","article_modified_time":"2026-02-12T09:12:31+00:00","og_image":[{"width":1200,"height":675,"url":"https:\/\/flm-gs.dev1.symbiotica.rs\/wp-content\/uploads\/2023\/10\/foodlabelmaker-preview-img.webp","type":"image\/webp"}],"twitter_card":"summary_large_image","schema":{"@context":"https:\/\/schema.org","@graph":[{"@type":"WebPage","@id":"https:\/\/flm-gs.dev1.symbiotica.rs\/fr-ca\/auteure\/mounya-sasso\/","url":"https:\/\/flm-gs.dev1.symbiotica.rs\/fr-ca\/auteure\/mounya-sasso\/","name":"Mounya Sasso : Di\u00e9t\u00e9tiste agr\u00e9\u00e9e et gestionnaire de contenu chez Food Label Maker","isPartOf":{"@id":"https:\/\/flm-gs.dev1.symbiotica.rs\/fr-ca\/#website"},"datePublished":"2026-02-11T12:01:39+00:00","dateModified":"2026-02-12T09:12:31+00:00","description":"Voici Mounya Sasso, di\u00e9t\u00e9tiste et gestionnaire de contenu chez Food Label Maker, experte dans l\u2019\u00e9tiquetage clair et conforme. Lisez ses articles","breadcrumb":{"@id":"https:\/\/flm-gs.dev1.symbiotica.rs\/fr-ca\/auteure\/mounya-sasso\/#breadcrumb"},"inLanguage":"fr-CA","potentialAction":[{"@type":"ReadAction","target":["https:\/\/flm-gs.dev1.symbiotica.rs\/fr-ca\/auteure\/mounya-sasso\/"]}]},{"@type":"BreadcrumbList","@id":"https:\/\/flm-gs.dev1.symbiotica.rs\/fr-ca\/auteure\/mounya-sasso\/#breadcrumb","itemListElement":[{"@type":"ListItem","position":1,"name":"Accueil","item":"https:\/\/flm-gs.dev1.symbiotica.rs\/fr-ca\/"},{"@type":"ListItem","position":2,"name":"Author","item":"https:\/\/flm-gs.dev1.symbiotica.rs\/fr-ca\/auteure\/"},{"@type":"ListItem","position":3,"name":"Mounya Sasso"}]},{"@type":"WebSite","@id":"https:\/\/flm-gs.dev1.symbiotica.rs\/fr-ca\/#website","url":"https:\/\/flm-gs.dev1.symbiotica.rs\/fr-ca\/","name":"Food Label Maker","description":"","potentialAction":[{"@type":"SearchAction","target":{"@type":"EntryPoint","urlTemplate":"https:\/\/flm-gs.dev1.symbiotica.rs\/fr-ca\/?s={search_term_string}"},"query-input":{"@type":"PropertyValueSpecification","valueRequired":true,"valueName":"search_term_string"}}],"inLanguage":"fr-CA"}]}},"_links":{"self":[{"href":"https:\/\/flm-gs.dev1.symbiotica.rs\/fr-ca\/wp-json\/wp\/v2\/pages\/18598","targetHints":{"allow":["GET"]}}],"collection":[{"href":"https:\/\/flm-gs.dev1.symbiotica.rs\/fr-ca\/wp-json\/wp\/v2\/pages"}],"about":[{"href":"https:\/\/flm-gs.dev1.symbiotica.rs\/fr-ca\/wp-json\/wp\/v2\/types\/page"}],"author":[{"embeddable":true,"href":"https:\/\/flm-gs.dev1.symbiotica.rs\/fr-ca\/wp-json\/wp\/v2\/users\/1"}],"replies":[{"embeddable":true,"href":"https:\/\/flm-gs.dev1.symbiotica.rs\/fr-ca\/wp-json\/wp\/v2\/comments?post=18598"}],"version-history":[{"count":2,"href":"https:\/\/flm-gs.dev1.symbiotica.rs\/fr-ca\/wp-json\/wp\/v2\/pages\/18598\/revisions"}],"predecessor-version":[{"id":18740,"href":"https:\/\/flm-gs.dev1.symbiotica.rs\/fr-ca\/wp-json\/wp\/v2\/pages\/18598\/revisions\/18740"}],"up":[{"embeddable":true,"href":"https:\/\/flm-gs.dev1.symbiotica.rs\/fr-ca\/wp-json\/wp\/v2\/pages\/18572"}],"wp:attachment":[{"href":"https:\/\/flm-gs.dev1.symbiotica.rs\/fr-ca\/wp-json\/wp\/v2\/media?parent=18598"}],"curies":[{"name":"wp","href":"https:\/\/api.w.org\/{rel}","templated":true}]}}